{"id":377,"date":"2023-01-26T16:19:15","date_gmt":"2023-01-26T15:19:15","guid":{"rendered":"https:\/\/davidgenty.com\/?page_id=377"},"modified":"2026-03-19T12:48:52","modified_gmt":"2026-03-19T11:48:52","slug":"aaa-equipe","status":"publish","type":"page","link":"http:\/\/davidgenty.com\/fr\/aaa-equipe\/","title":{"rendered":"AAA EQUIPE"},"content":{"rendered":"\t\t<div data-elementor-type=\"wp-page\" data-elementor-id=\"377\" class=\"elementor elementor-377\">\n\t\t\t\t\t\t<section class=\"elementor-section elementor-top-section elementor-element elementor-element-e1f5032 elementor-section-boxed elementor-section-height-default elementor-section-height-default\" data-id=\"e1f5032\" data-element_type=\"section\" data-e-type=\"section\">\n\t\t\t\t\t\t<div class=\"elementor-container elementor-column-gap-default\">\n\t\t\t\t\t<div class=\"elementor-column elementor-col-50 elementor-top-column elementor-element elementor-element-05b280b\" data-id=\"05b280b\" data-element_type=\"column\" data-e-type=\"column\">\n\t\t\t<div class=\"elementor-widget-wrap elementor-element-populated\">\n\t\t\t\t\t\t<div class=\"elementor-element elementor-element-ca2afab elementor-widget elementor-widget-text-editor\" data-id=\"ca2afab\" data-element_type=\"widget\" data-e-type=\"widget\" data-widget_type=\"text-editor.default\">\n\t\t\t\t<div class=\"elementor-widget-container\">\n\t\t\t\t\t\t\t\t\t<p><span style=\"font-weight: 400;\">L\u2019\u00e9quipe Triple A (A\u00e9rial Art Action) a \u00e9t\u00e9 cr\u00e9e sous l\u2019impulsion de David Genty. Apr\u00e8s 25 ans de carri\u00e8re dans la cascade pour le cin\u00e9ma en ile de France, il s\u2019est install\u00e9 \u00e0 Marseille et a d\u00e9velopp\u00e9 un r\u00e9seau de cascadeurs professionnels dans la r\u00e9gion sud afin de r\u00e9pondre aux besoins grandissant des productions tournant en PACA et Occitanie.\u00a0 AAA met tout en \u0153uvre pour respecter le cahier des charges toujours plus cr\u00e9atif et cons\u00e9quent des projets auxquels elle participe. Elle offre aux productions deux localisations de son activit\u00e9, Paris et Marseille.\u00a0<\/span><\/p><p><span style=\"font-weight: 400;\">Cascade physique, r\u00e9alisation de pr\u00e9viz, chor\u00e9graphie de combat, s\u00e9curisation de l\u2019\u00e9quipe de tournage, formation de l\u2019acteur \u00e0 l\u2019action, sc\u00e8nes de c\u00e2blage, Triple A met \u00e0 votre service son expertise.<\/span><\/p>\t\t\t\t\t\t\t\t<\/div>\n\t\t\t\t<\/div>\n\t\t\t\t\t<\/div>\n\t\t<\/div>\n\t\t\t\t<div class=\"elementor-column elementor-col-50 elementor-top-column elementor-element elementor-element-1f5f074\" data-id=\"1f5f074\" data-element_type=\"column\" data-e-type=\"column\">\n\t\t\t<div class=\"elementor-widget-wrap elementor-element-populated\">\n\t\t\t\t\t\t<div class=\"elementor-element elementor-element-64aed19 elementor-widget elementor-widget-image\" data-id=\"64aed19\" data-element_type=\"widget\" data-e-type=\"widget\" data-widget_type=\"image.default\">\n\t\t\t\t<div class=\"elementor-widget-container\">\n\t\t\t\t\t\t\t\t\t\t\t\t\t\t\t<img fetchpriority=\"high\" decoding=\"async\" width=\"800\" height=\"600\" src=\"http:\/\/davidgenty.com\/wp-content\/uploads\/2025\/06\/insta-team_-1024x768.png\" class=\"attachment-large size-large wp-image-2301\" alt=\"\" srcset=\"http:\/\/davidgenty.com\/wp-content\/uploads\/2025\/06\/insta-team_-1024x768.png 1024w, http:\/\/davidgenty.com\/wp-content\/uploads\/2025\/06\/insta-team_-300x225.png 300w, http:\/\/davidgenty.com\/wp-content\/uploads\/2025\/06\/insta-team_-768x576.png 768w, http:\/\/davidgenty.com\/wp-content\/uploads\/2025\/06\/insta-team_-1536x1152.png 1536w, http:\/\/davidgenty.com\/wp-content\/uploads\/2025\/06\/insta-team_-2048x1536.png 2048w, http:\/\/davidgenty.com\/wp-content\/uploads\/2025\/06\/insta-team_-16x12.png 16w\" sizes=\"(max-width: 800px) 100vw, 800px\" \/>\t\t\t\t\t\t\t\t\t\t\t\t\t\t\t<\/div>\n\t\t\t\t<\/div>\n\t\t\t\t\t<\/div>\n\t\t<\/div>\n\t\t\t\t\t<\/div>\n\t\t<\/section>\n\t\t\t\t<section class=\"elementor-section elementor-top-section elementor-element elementor-element-2c79471 elementor-section-boxed elementor-section-height-default elementor-section-height-default\" data-id=\"2c79471\" data-element_type=\"section\" data-e-type=\"section\">\n\t\t\t\t\t\t<div class=\"elementor-container elementor-column-gap-default\">\n\t\t\t\t\t<div class=\"elementor-column elementor-col-20 elementor-top-column elementor-element elementor-element-e150e0f\" data-id=\"e150e0f\" data-element_type=\"column\" data-e-type=\"column\">\n\t\t\t<div class=\"elementor-widget-wrap elementor-element-populated\">\n\t\t\t\t\t\t<div class=\"elementor-element elementor-element-b6b5cbe elementor-widget elementor-widget-image\" data-id=\"b6b5cbe\" data-element_type=\"widget\" data-e-type=\"widget\" data-widget_type=\"image.default\">\n\t\t\t\t<div class=\"elementor-widget-container\">\n\t\t\t\t\t\t\t\t\t\t\t\t\t\t\t\t<a href=\"https:\/\/davidgenty.com\/ilies-moujane-5\/\">\n\t\t\t\t\t\t\t<img decoding=\"async\" width=\"768\" height=\"1024\" src=\"http:\/\/davidgenty.com\/wp-content\/uploads\/2025\/06\/13teamtripleA-plage2025-768x1024.jpg\" class=\"elementor-animation-grow attachment-large size-large wp-image-2298\" alt=\"\" srcset=\"http:\/\/davidgenty.com\/wp-content\/uploads\/2025\/06\/13teamtripleA-plage2025-768x1024.jpg 768w, http:\/\/davidgenty.com\/wp-content\/uploads\/2025\/06\/13teamtripleA-plage2025-225x300.jpg 225w, http:\/\/davidgenty.com\/wp-content\/uploads\/2025\/06\/13teamtripleA-plage2025-1152x1536.jpg 1152w, http:\/\/davidgenty.com\/wp-content\/uploads\/2025\/06\/13teamtripleA-plage2025-1536x2048.jpg 1536w, http:\/\/davidgenty.com\/wp-content\/uploads\/2025\/06\/13teamtripleA-plage2025-9x12.jpg 9w, http:\/\/davidgenty.com\/wp-content\/uploads\/2025\/06\/13teamtripleA-plage2025-scaled.jpg 1920w\" sizes=\"(max-width: 768px) 100vw, 768px\" \/>\t\t\t\t\t\t\t\t<\/a>\n\t\t\t\t\t\t\t\t\t\t\t\t\t\t\t<\/div>\n\t\t\t\t<\/div>\n\t\t\t\t<div class=\"elementor-element elementor-element-eac3a6d elementor-widget elementor-widget-text-editor\" data-id=\"eac3a6d\" data-element_type=\"widget\" data-e-type=\"widget\" data-widget_type=\"text-editor.default\">\n\t\t\t\t<div class=\"elementor-widget-container\">\n\t\t\t\t\t\t\t\t\t<p style=\"text-align: center;\"><strong>ILIES MOUJANE<\/strong><\/p>\t\t\t\t\t\t\t\t<\/div>\n\t\t\t\t<\/div>\n\t\t\t\t\t<\/div>\n\t\t<\/div>\n\t\t\t\t<div class=\"elementor-column elementor-col-20 elementor-top-column elementor-element elementor-element-adf92f7\" data-id=\"adf92f7\" data-element_type=\"column\" data-e-type=\"column\">\n\t\t\t<div class=\"elementor-widget-wrap elementor-element-populated\">\n\t\t\t\t\t\t<div class=\"elementor-element elementor-element-9fc8448 elementor-widget elementor-widget-image\" data-id=\"9fc8448\" data-element_type=\"widget\" data-e-type=\"widget\" data-widget_type=\"image.default\">\n\t\t\t\t<div class=\"elementor-widget-container\">\n\t\t\t\t\t\t\t\t\t\t\t\t\t\t\t\t<a href=\"https:\/\/davidgenty.com\/christian-bergner\/\">\n\t\t\t\t\t\t\t<img decoding=\"async\" width=\"768\" height=\"1024\" src=\"http:\/\/davidgenty.com\/wp-content\/uploads\/2025\/06\/56teamtripleA-plage2025-768x1024.jpg\" class=\"elementor-animation-grow attachment-large size-large wp-image-2297\" alt=\"\" srcset=\"http:\/\/davidgenty.com\/wp-content\/uploads\/2025\/06\/56teamtripleA-plage2025-768x1024.jpg 768w, http:\/\/davidgenty.com\/wp-content\/uploads\/2025\/06\/56teamtripleA-plage2025-225x300.jpg 225w, http:\/\/davidgenty.com\/wp-content\/uploads\/2025\/06\/56teamtripleA-plage2025-1152x1536.jpg 1152w, http:\/\/davidgenty.com\/wp-content\/uploads\/2025\/06\/56teamtripleA-plage2025-1536x2048.jpg 1536w, http:\/\/davidgenty.com\/wp-content\/uploads\/2025\/06\/56teamtripleA-plage2025-9x12.jpg 9w, http:\/\/davidgenty.com\/wp-content\/uploads\/2025\/06\/56teamtripleA-plage2025-scaled.jpg 1920w\" sizes=\"(max-width: 768px) 100vw, 768px\" \/>\t\t\t\t\t\t\t\t<\/a>\n\t\t\t\t\t\t\t\t\t\t\t\t\t\t\t<\/div>\n\t\t\t\t<\/div>\n\t\t\t\t<div class=\"elementor-element elementor-element-28d7379 elementor-widget elementor-widget-text-editor\" data-id=\"28d7379\" data-element_type=\"widget\" data-e-type=\"widget\" data-widget_type=\"text-editor.default\">\n\t\t\t\t<div class=\"elementor-widget-container\">\n\t\t\t\t\t\t\t\t\t<p style=\"text-align: center;\"><strong>CHRISTIAN BERGNER<\/strong><\/p>\t\t\t\t\t\t\t\t<\/div>\n\t\t\t\t<\/div>\n\t\t\t\t\t<\/div>\n\t\t<\/div>\n\t\t\t\t<div class=\"elementor-column elementor-col-20 elementor-top-column elementor-element elementor-element-795e753\" data-id=\"795e753\" data-element_type=\"column\" data-e-type=\"column\">\n\t\t\t<div class=\"elementor-widget-wrap elementor-element-populated\">\n\t\t\t\t\t\t<div class=\"elementor-element elementor-element-1c24719 elementor-widget elementor-widget-image\" data-id=\"1c24719\" data-element_type=\"widget\" data-e-type=\"widget\" data-widget_type=\"image.default\">\n\t\t\t\t<div class=\"elementor-widget-container\">\n\t\t\t\t\t\t\t\t\t\t\t\t\t\t\t\t<a href=\"https:\/\/davidgenty.com\/frederic-tolaini-2\/\">\n\t\t\t\t\t\t\t<img loading=\"lazy\" decoding=\"async\" width=\"768\" height=\"1024\" src=\"http:\/\/davidgenty.com\/wp-content\/uploads\/2025\/06\/39teamtripleA-plage2025-768x1024.jpg\" class=\"elementor-animation-grow attachment-large size-large wp-image-2296\" alt=\"\" srcset=\"http:\/\/davidgenty.com\/wp-content\/uploads\/2025\/06\/39teamtripleA-plage2025-768x1024.jpg 768w, http:\/\/davidgenty.com\/wp-content\/uploads\/2025\/06\/39teamtripleA-plage2025-225x300.jpg 225w, http:\/\/davidgenty.com\/wp-content\/uploads\/2025\/06\/39teamtripleA-plage2025-1152x1536.jpg 1152w, http:\/\/davidgenty.com\/wp-content\/uploads\/2025\/06\/39teamtripleA-plage2025-1536x2048.jpg 1536w, http:\/\/davidgenty.com\/wp-content\/uploads\/2025\/06\/39teamtripleA-plage2025-9x12.jpg 9w, http:\/\/davidgenty.com\/wp-content\/uploads\/2025\/06\/39teamtripleA-plage2025-scaled.jpg 1920w\" sizes=\"(max-width: 768px) 100vw, 768px\" \/>\t\t\t\t\t\t\t\t<\/a>\n\t\t\t\t\t\t\t\t\t\t\t\t\t\t\t<\/div>\n\t\t\t\t<\/div>\n\t\t\t\t<div class=\"elementor-element elementor-element-6b61c16 elementor-widget elementor-widget-text-editor\" data-id=\"6b61c16\" data-element_type=\"widget\" data-e-type=\"widget\" data-widget_type=\"text-editor.default\">\n\t\t\t\t<div class=\"elementor-widget-container\">\n\t\t\t\t\t\t\t\t\t<p style=\"text-align: center;\"><strong>FREDERIC TOLAINI<\/strong><\/p>\t\t\t\t\t\t\t\t<\/div>\n\t\t\t\t<\/div>\n\t\t\t\t\t<\/div>\n\t\t<\/div>\n\t\t\t\t<div class=\"elementor-column elementor-col-20 elementor-top-column elementor-element elementor-element-073e35a\" data-id=\"073e35a\" data-element_type=\"column\" data-e-type=\"column\">\n\t\t\t<div class=\"elementor-widget-wrap elementor-element-populated\">\n\t\t\t\t\t\t<div class=\"elementor-element elementor-element-0aa29f6 elementor-widget elementor-widget-image\" data-id=\"0aa29f6\" data-element_type=\"widget\" data-e-type=\"widget\" data-widget_type=\"image.default\">\n\t\t\t\t<div class=\"elementor-widget-container\">\n\t\t\t\t\t\t\t\t\t\t\t\t\t\t\t\t<a href=\"https:\/\/davidgenty.com\/fr\/matthieu-boulanger-2\/\">\n\t\t\t\t\t\t\t<img loading=\"lazy\" decoding=\"async\" width=\"768\" height=\"1024\" src=\"http:\/\/davidgenty.com\/wp-content\/uploads\/2025\/06\/4teamtripleA-plage2025-768x1024.jpg\" class=\"elementor-animation-grow attachment-large size-large wp-image-2300\" alt=\"\" srcset=\"http:\/\/davidgenty.com\/wp-content\/uploads\/2025\/06\/4teamtripleA-plage2025-768x1024.jpg 768w, http:\/\/davidgenty.com\/wp-content\/uploads\/2025\/06\/4teamtripleA-plage2025-225x300.jpg 225w, http:\/\/davidgenty.com\/wp-content\/uploads\/2025\/06\/4teamtripleA-plage2025-1152x1536.jpg 1152w, http:\/\/davidgenty.com\/wp-content\/uploads\/2025\/06\/4teamtripleA-plage2025-1536x2048.jpg 1536w, http:\/\/davidgenty.com\/wp-content\/uploads\/2025\/06\/4teamtripleA-plage2025-9x12.jpg 9w, http:\/\/davidgenty.com\/wp-content\/uploads\/2025\/06\/4teamtripleA-plage2025-scaled.jpg 1920w\" sizes=\"(max-width: 768px) 100vw, 768px\" \/>\t\t\t\t\t\t\t\t<\/a>\n\t\t\t\t\t\t\t\t\t\t\t\t\t\t\t<\/div>\n\t\t\t\t<\/div>\n\t\t\t\t<div class=\"elementor-element elementor-element-89420ff elementor-widget elementor-widget-text-editor\" data-id=\"89420ff\" data-element_type=\"widget\" data-e-type=\"widget\" data-widget_type=\"text-editor.default\">\n\t\t\t\t<div class=\"elementor-widget-container\">\n\t\t\t\t\t\t\t\t\t<p style=\"text-align: center;\"><strong>MATTHIEU BOULANGER<\/strong><\/p>\t\t\t\t\t\t\t\t<\/div>\n\t\t\t\t<\/div>\n\t\t\t\t\t<\/div>\n\t\t<\/div>\n\t\t\t\t<div class=\"elementor-column elementor-col-20 elementor-top-column elementor-element elementor-element-68fcee2\" data-id=\"68fcee2\" data-element_type=\"column\" data-e-type=\"column\">\n\t\t\t<div class=\"elementor-widget-wrap elementor-element-populated\">\n\t\t\t\t\t\t<div class=\"elementor-element elementor-element-7d91c8e elementor-widget elementor-widget-image\" data-id=\"7d91c8e\" data-element_type=\"widget\" data-e-type=\"widget\" data-widget_type=\"image.default\">\n\t\t\t\t<div class=\"elementor-widget-container\">\n\t\t\t\t\t\t\t\t\t\t\t\t\t\t\t\t<a href=\"https:\/\/davidgenty.com\/michel-poirot\/\">\n\t\t\t\t\t\t\t<img loading=\"lazy\" decoding=\"async\" width=\"768\" height=\"1024\" src=\"http:\/\/davidgenty.com\/wp-content\/uploads\/2025\/06\/48teamtripleA-plage2025-768x1024.jpg\" class=\"elementor-animation-grow attachment-large size-large wp-image-2299\" alt=\"\" srcset=\"http:\/\/davidgenty.com\/wp-content\/uploads\/2025\/06\/48teamtripleA-plage2025-768x1024.jpg 768w, http:\/\/davidgenty.com\/wp-content\/uploads\/2025\/06\/48teamtripleA-plage2025-225x300.jpg 225w, http:\/\/davidgenty.com\/wp-content\/uploads\/2025\/06\/48teamtripleA-plage2025-1152x1536.jpg 1152w, http:\/\/davidgenty.com\/wp-content\/uploads\/2025\/06\/48teamtripleA-plage2025-1536x2048.jpg 1536w, http:\/\/davidgenty.com\/wp-content\/uploads\/2025\/06\/48teamtripleA-plage2025-9x12.jpg 9w, http:\/\/davidgenty.com\/wp-content\/uploads\/2025\/06\/48teamtripleA-plage2025-scaled.jpg 1920w\" sizes=\"(max-width: 768px) 100vw, 768px\" \/>\t\t\t\t\t\t\t\t<\/a>\n\t\t\t\t\t\t\t\t\t\t\t\t\t\t\t<\/div>\n\t\t\t\t<\/div>\n\t\t\t\t<div class=\"elementor-element elementor-element-945b265 elementor-widget elementor-widget-text-editor\" data-id=\"945b265\" data-element_type=\"widget\" data-e-type=\"widget\" data-widget_type=\"text-editor.default\">\n\t\t\t\t<div class=\"elementor-widget-container\">\n\t\t\t\t\t\t\t\t\t<p style=\"text-align: center;\"><strong>MICHEL POIROT<\/strong><\/p>\t\t\t\t\t\t\t\t<\/div>\n\t\t\t\t<\/div>\n\t\t\t\t\t<\/div>\n\t\t<\/div>\n\t\t\t\t\t<\/div>\n\t\t<\/section>\n\t\t\t\t<section class=\"elementor-section elementor-top-section elementor-element elementor-element-827fe5d elementor-section-boxed elementor-section-height-default elementor-section-height-default\" data-id=\"827fe5d\" data-element_type=\"section\" data-e-type=\"section\">\n\t\t\t\t\t\t<div class=\"elementor-container elementor-column-gap-default\">\n\t\t\t\t\t<div class=\"elementor-column elementor-col-100 elementor-top-column elementor-element elementor-element-1416928\" data-id=\"1416928\" data-element_type=\"column\" data-e-type=\"column\">\n\t\t\t<div class=\"elementor-widget-wrap elementor-element-populated\">\n\t\t\t\t\t\t<div class=\"elementor-element elementor-element-97fc2a8 elementor-widget elementor-widget-heading\" data-id=\"97fc2a8\" data-element_type=\"widget\" data-e-type=\"widget\" data-widget_type=\"heading.default\">\n\t\t\t\t<div class=\"elementor-widget-container\">\n\t\t\t\t\t<h1 class=\"elementor-heading-title elementor-size-default\">Triple A , \u00e9quipe de cascades region sud et PACA<\/h1>\t\t\t\t<\/div>\n\t\t\t\t<\/div>\n\t\t\t\t\t<\/div>\n\t\t<\/div>\n\t\t\t\t\t<\/div>\n\t\t<\/section>\n\t\t\t\t<\/div>\n\t\t","protected":false},"excerpt":{"rendered":"<p>L\u2019\u00e9quipe Triple A (A\u00e9rial Art Action) a \u00e9t\u00e9 cr\u00e9e sous l\u2019impulsion de David Genty. Apr\u00e8s 25 ans de carri\u00e8re dans la cascade pour le cin\u00e9ma en ile de France, il s\u2019est install\u00e9 \u00e0 Marseille et a d\u00e9velopp\u00e9 un r\u00e9seau de cascadeurs professionnels dans la r\u00e9gion sud afin de r\u00e9pondre aux besoins grandissant des productions tournant [&hellip;]<\/p>\n","protected":false},"author":1,"featured_media":0,"parent":0,"menu_order":0,"comment_status":"closed","ping_status":"closed","template":"","meta":{"_acf_changed":false,"footnotes":""},"class_list":["post-377","page","type-page","status-publish","hentry"],"acf":[],"yoast_head":"<!-- This site is optimized with the Yoast SEO plugin v20.1 - https:\/\/yoast.com\/wordpress\/plugins\/seo\/ -->\n<title>AAA EQUIPE - DAVID GENTY<\/title>\n<meta name=\"robots\" content=\"index, follow, max-snippet:-1, max-image-preview:large, max-video-preview:-1\" \/>\n<link rel=\"canonical\" href=\"http:\/\/davidgenty.com\/fr\/aaa-equipe\/\" \/>\n<meta property=\"og:locale\" content=\"fr_FR\" \/>\n<meta property=\"og:type\" content=\"article\" \/>\n<meta property=\"og:title\" content=\"AAA EQUIPE - DAVID GENTY\" \/>\n<meta property=\"og:description\" content=\"L\u2019\u00e9quipe Triple A (A\u00e9rial Art Action) a \u00e9t\u00e9 cr\u00e9e sous l\u2019impulsion de David Genty. Apr\u00e8s 25 ans de carri\u00e8re dans la cascade pour le cin\u00e9ma en ile de France, il s\u2019est install\u00e9 \u00e0 Marseille et a d\u00e9velopp\u00e9 un r\u00e9seau de cascadeurs professionnels dans la r\u00e9gion sud afin de r\u00e9pondre aux besoins grandissant des productions tournant [&hellip;]\" \/>\n<meta property=\"og:url\" content=\"http:\/\/davidgenty.com\/fr\/aaa-equipe\/\" \/>\n<meta property=\"og:site_name\" content=\"DAVID GENTY\" \/>\n<meta property=\"article:modified_time\" content=\"2026-03-19T11:48:52+00:00\" \/>\n<meta property=\"og:image\" content=\"http:\/\/davidgenty.com\/wp-content\/uploads\/2025\/06\/insta-team_-1024x768.png\" \/>\n<meta name=\"twitter:card\" content=\"summary_large_image\" \/>\n<meta name=\"twitter:label1\" content=\"Dur\u00e9e de lecture estim\u00e9e\" \/>\n\t<meta name=\"twitter:data1\" content=\"2 minutes\" \/>\n<script type=\"application\/ld+json\" class=\"yoast-schema-graph\">{\"@context\":\"https:\/\/schema.org\",\"@graph\":[{\"@type\":\"WebPage\",\"@id\":\"http:\/\/davidgenty.com\/fr\/aaa-equipe\/\",\"url\":\"http:\/\/davidgenty.com\/fr\/aaa-equipe\/\",\"name\":\"AAA EQUIPE - DAVID GENTY\",\"isPartOf\":{\"@id\":\"http:\/\/davidgenty.com\/fr\/#website\"},\"datePublished\":\"2023-01-26T15:19:15+00:00\",\"dateModified\":\"2026-03-19T11:48:52+00:00\",\"breadcrumb\":{\"@id\":\"http:\/\/davidgenty.com\/fr\/aaa-equipe\/#breadcrumb\"},\"inLanguage\":\"fr-FR\",\"potentialAction\":[{\"@type\":\"ReadAction\",\"target\":[\"http:\/\/davidgenty.com\/fr\/aaa-equipe\/\"]}]},{\"@type\":\"BreadcrumbList\",\"@id\":\"http:\/\/davidgenty.com\/fr\/aaa-equipe\/#breadcrumb\",\"itemListElement\":[{\"@type\":\"ListItem\",\"position\":1,\"name\":\"Accueil\",\"item\":\"http:\/\/davidgenty.com\/fr\/\"},{\"@type\":\"ListItem\",\"position\":2,\"name\":\"AAA EQUIPE\"}]},{\"@type\":\"WebSite\",\"@id\":\"http:\/\/davidgenty.com\/fr\/#website\",\"url\":\"http:\/\/davidgenty.com\/fr\/\",\"name\":\"DAVID GENTY\",\"description\":\"- COORDINATEUR de CASCADES -\",\"publisher\":{\"@id\":\"http:\/\/davidgenty.com\/fr\/#organization\"},\"alternateName\":\"aerial-art-action\",\"potentialAction\":[{\"@type\":\"SearchAction\",\"target\":{\"@type\":\"EntryPoint\",\"urlTemplate\":\"http:\/\/davidgenty.com\/fr\/?s={search_term_string}\"},\"query-input\":\"required name=search_term_string\"}],\"inLanguage\":\"fr-FR\"},{\"@type\":\"Organization\",\"@id\":\"http:\/\/davidgenty.com\/fr\/#organization\",\"name\":\"DAVID GENTY\",\"url\":\"http:\/\/davidgenty.com\/fr\/\",\"logo\":{\"@type\":\"ImageObject\",\"inLanguage\":\"fr-FR\",\"@id\":\"http:\/\/davidgenty.com\/fr\/#\/schema\/logo\/image\/\",\"url\":\"http:\/\/davidgenty.com\/wp-content\/uploads\/2025\/02\/cropped-cropped-Unknown.png\",\"contentUrl\":\"http:\/\/davidgenty.com\/wp-content\/uploads\/2025\/02\/cropped-cropped-Unknown.png\",\"width\":2151,\"height\":2151,\"caption\":\"DAVID GENTY\"},\"image\":{\"@id\":\"http:\/\/davidgenty.com\/fr\/#\/schema\/logo\/image\/\"},\"sameAs\":[\"https:\/\/www.instagram.com\/david_genty_tripleaaa\/\"]}]}<\/script>\n<!-- \/ Yoast SEO plugin. -->","yoast_head_json":{"title":"AAA EQUIPE - DAVID GENTY","robots":{"index":"index","follow":"follow","max-snippet":"max-snippet:-1","max-image-preview":"max-image-preview:large","max-video-preview":"max-video-preview:-1"},"canonical":"http:\/\/davidgenty.com\/fr\/aaa-equipe\/","og_locale":"fr_FR","og_type":"article","og_title":"AAA EQUIPE - DAVID GENTY","og_description":"L\u2019\u00e9quipe Triple A (A\u00e9rial Art Action) a \u00e9t\u00e9 cr\u00e9e sous l\u2019impulsion de David Genty. Apr\u00e8s 25 ans de carri\u00e8re dans la cascade pour le cin\u00e9ma en ile de France, il s\u2019est install\u00e9 \u00e0 Marseille et a d\u00e9velopp\u00e9 un r\u00e9seau de cascadeurs professionnels dans la r\u00e9gion sud afin de r\u00e9pondre aux besoins grandissant des productions tournant [&hellip;]","og_url":"http:\/\/davidgenty.com\/fr\/aaa-equipe\/","og_site_name":"DAVID GENTY","article_modified_time":"2026-03-19T11:48:52+00:00","og_image":[{"url":"http:\/\/davidgenty.com\/wp-content\/uploads\/2025\/06\/insta-team_-1024x768.png"}],"twitter_card":"summary_large_image","twitter_misc":{"Dur\u00e9e de lecture estim\u00e9e":"2 minutes"},"schema":{"@context":"https:\/\/schema.org","@graph":[{"@type":"WebPage","@id":"http:\/\/davidgenty.com\/fr\/aaa-equipe\/","url":"http:\/\/davidgenty.com\/fr\/aaa-equipe\/","name":"AAA EQUIPE - DAVID GENTY","isPartOf":{"@id":"http:\/\/davidgenty.com\/fr\/#website"},"datePublished":"2023-01-26T15:19:15+00:00","dateModified":"2026-03-19T11:48:52+00:00","breadcrumb":{"@id":"http:\/\/davidgenty.com\/fr\/aaa-equipe\/#breadcrumb"},"inLanguage":"fr-FR","potentialAction":[{"@type":"ReadAction","target":["http:\/\/davidgenty.com\/fr\/aaa-equipe\/"]}]},{"@type":"BreadcrumbList","@id":"http:\/\/davidgenty.com\/fr\/aaa-equipe\/#breadcrumb","itemListElement":[{"@type":"ListItem","position":1,"name":"Accueil","item":"http:\/\/davidgenty.com\/fr\/"},{"@type":"ListItem","position":2,"name":"AAA EQUIPE"}]},{"@type":"WebSite","@id":"http:\/\/davidgenty.com\/fr\/#website","url":"http:\/\/davidgenty.com\/fr\/","name":"DAVID GENTY","description":"- COORDINATEUR de CASCADES -","publisher":{"@id":"http:\/\/davidgenty.com\/fr\/#organization"},"alternateName":"aerial-art-action","potentialAction":[{"@type":"SearchAction","target":{"@type":"EntryPoint","urlTemplate":"http:\/\/davidgenty.com\/fr\/?s={search_term_string}"},"query-input":"required name=search_term_string"}],"inLanguage":"fr-FR"},{"@type":"Organization","@id":"http:\/\/davidgenty.com\/fr\/#organization","name":"DAVID GENTY","url":"http:\/\/davidgenty.com\/fr\/","logo":{"@type":"ImageObject","inLanguage":"fr-FR","@id":"http:\/\/davidgenty.com\/fr\/#\/schema\/logo\/image\/","url":"http:\/\/davidgenty.com\/wp-content\/uploads\/2025\/02\/cropped-cropped-Unknown.png","contentUrl":"http:\/\/davidgenty.com\/wp-content\/uploads\/2025\/02\/cropped-cropped-Unknown.png","width":2151,"height":2151,"caption":"DAVID GENTY"},"image":{"@id":"http:\/\/davidgenty.com\/fr\/#\/schema\/logo\/image\/"},"sameAs":["https:\/\/www.instagram.com\/david_genty_tripleaaa\/"]}]}},"_links":{"self":[{"href":"http:\/\/davidgenty.com\/fr\/wp-json\/wp\/v2\/pages\/377","targetHints":{"allow":["GET"]}}],"collection":[{"href":"http:\/\/davidgenty.com\/fr\/wp-json\/wp\/v2\/pages"}],"about":[{"href":"http:\/\/davidgenty.com\/fr\/wp-json\/wp\/v2\/types\/page"}],"author":[{"embeddable":true,"href":"http:\/\/davidgenty.com\/fr\/wp-json\/wp\/v2\/users\/1"}],"replies":[{"embeddable":true,"href":"http:\/\/davidgenty.com\/fr\/wp-json\/wp\/v2\/comments?post=377"}],"version-history":[{"count":65,"href":"http:\/\/davidgenty.com\/fr\/wp-json\/wp\/v2\/pages\/377\/revisions"}],"predecessor-version":[{"id":2730,"href":"http:\/\/davidgenty.com\/fr\/wp-json\/wp\/v2\/pages\/377\/revisions\/2730"}],"wp:attachment":[{"href":"http:\/\/davidgenty.com\/fr\/wp-json\/wp\/v2\/media?parent=377"}],"curies":[{"name":"wp","href":"https:\/\/api.w.org\/{rel}","templated":true}]}}