{"id":255,"date":"2022-02-20T21:43:49","date_gmt":"2022-02-20T20:43:49","guid":{"rendered":"https:\/\/davidgenty.com\/?page_id=255"},"modified":"2026-03-19T12:23:17","modified_gmt":"2026-03-19T11:23:17","slug":"aaa-formation","status":"publish","type":"page","link":"http:\/\/davidgenty.com\/en\/aaa-formation\/","title":{"rendered":"AAA TRAINING"},"content":{"rendered":"<div data-elementor-type=\"wp-page\" data-elementor-id=\"255\" class=\"elementor elementor-255\">\n\t\t\t\t\t\t<section class=\"elementor-section elementor-top-section elementor-element elementor-element-b48b789 elementor-section-boxed elementor-section-height-default elementor-section-height-default\" data-id=\"b48b789\" data-element_type=\"section\" data-e-type=\"section\">\n\t\t\t\t\t\t<div class=\"elementor-container elementor-column-gap-default\">\n\t\t\t\t\t<div class=\"elementor-column elementor-col-100 elementor-top-column elementor-element elementor-element-b4090da\" data-id=\"b4090da\" data-element_type=\"column\" data-e-type=\"column\">\n\t\t\t<div class=\"elementor-widget-wrap elementor-element-populated\">\n\t\t\t\t\t\t<div class=\"elementor-element elementor-element-4309b9f elementor-widget elementor-widget-text-editor\" data-id=\"4309b9f\" data-element_type=\"widget\" data-e-type=\"widget\" data-widget_type=\"text-editor.default\">\n\t\t\t\t<div class=\"elementor-widget-container\">\n\t\t\t\t\t\t\t\t\t<p><strong>The performer, whether are an actor or dancer, is led to embody action roles.\u00a0<\/strong><\/p><p><strong>The lack of physical training and the time taken to prepare for increasingly reduced filming undermines the credibility of these scenes.<\/strong><\/p><p><strong>AAA prepares and trains actors according to your needs.<\/strong><\/p>\t\t\t\t\t\t\t\t<\/div>\n\t\t\t\t<\/div>\n\t\t\t\t<div class=\"elementor-element elementor-element-01dec7c elementor-widget-divider--view-line elementor-widget elementor-widget-divider\" data-id=\"01dec7c\" data-element_type=\"widget\" data-e-type=\"widget\" data-widget_type=\"divider.default\">\n\t\t\t\t<div class=\"elementor-widget-container\">\n\t\t\t\t\t\t\t<div class=\"elementor-divider\">\n\t\t\t<span class=\"elementor-divider-separator\">\n\t\t\t\t\t\t<\/span>\n\t\t<\/div>\n\t\t\t\t\t\t<\/div>\n\t\t\t\t<\/div>\n\t\t\t\t\t<\/div>\n\t\t<\/div>\n\t\t\t\t\t<\/div>\n\t\t<\/section>\n\t\t\t\t<section class=\"elementor-section elementor-top-section elementor-element elementor-element-0b485ea elementor-section-boxed elementor-section-height-default elementor-section-height-default\" data-id=\"0b485ea\" data-element_type=\"section\" data-e-type=\"section\">\n\t\t\t\t\t\t<div class=\"elementor-container elementor-column-gap-default\">\n\t\t\t\t\t<div class=\"elementor-column elementor-col-50 elementor-top-column elementor-element elementor-element-dacd59e\" data-id=\"dacd59e\" data-element_type=\"column\" data-e-type=\"column\">\n\t\t\t<div class=\"elementor-widget-wrap elementor-element-populated\">\n\t\t\t\t\t\t<div class=\"elementor-element elementor-element-059fb77 elementor-widget elementor-widget-spacer\" data-id=\"059fb77\" data-element_type=\"widget\" data-e-type=\"widget\" data-widget_type=\"spacer.default\">\n\t\t\t\t<div class=\"elementor-widget-container\">\n\t\t\t\t\t\t\t<div class=\"elementor-spacer\">\n\t\t\t<div class=\"elementor-spacer-inner\"><\/div>\n\t\t<\/div>\n\t\t\t\t\t\t<\/div>\n\t\t\t\t<\/div>\n\t\t\t\t<div class=\"elementor-element elementor-element-8197be7 elementor-widget elementor-widget-video\" data-id=\"8197be7\" data-element_type=\"widget\" data-e-type=\"widget\" data-settings=\"{&quot;youtube_url&quot;:&quot;https:\\\/\\\/youtu.be\\\/deVpzUz2R2E&quot;,&quot;autoplay&quot;:&quot;yes&quot;,&quot;video_type&quot;:&quot;youtube&quot;,&quot;controls&quot;:&quot;yes&quot;}\" data-widget_type=\"video.default\">\n\t\t\t\t<div class=\"elementor-widget-container\">\n\t\t\t\t\t\t\t<div class=\"elementor-wrapper elementor-open-inline\">\n\t\t\t<div class=\"elementor-video\"><\/div>\t\t<\/div>\n\t\t\t\t\t\t<\/div>\n\t\t\t\t<\/div>\n\t\t\t\t<div class=\"elementor-element elementor-element-36d8ef2 elementor-widget elementor-widget-heading\" data-id=\"36d8ef2\" data-element_type=\"widget\" data-e-type=\"widget\" data-widget_type=\"heading.default\">\n\t\t\t\t<div class=\"elementor-widget-container\">\n\t\t\t\t\t<h1 class=\"elementor-heading-title elementor-size-default\">AFDAS INTERNSHIP Initiation to action<\/h1>\t\t\t\t<\/div>\n\t\t\t\t<\/div>\n\t\t\t\t<div class=\"elementor-element elementor-element-767b56da elementor-widget elementor-widget-text-editor\" data-id=\"767b56da\" data-element_type=\"widget\" data-e-type=\"widget\" data-widget_type=\"text-editor.default\">\n\t\t\t\t<div class=\"elementor-widget-container\">\n\t\t\t\t\t\t\t\t\t<p>AAA offers, in collaboration with the training organisation Clap Class, the training course \" The actor in action \". Thanks to this 5 day internship, gain credibility and confidence for your future action scenes. Reactions, falls, weapons handling, tactical movement , arrests, and choreography<br \/>Learn the basics from professional stuntmen. The objective of this training is to develop the physical and technical qualities necessary for the embodiment of scenes of common actions in optimal safety conditions<br \/>This training can be financed personally , or if your situation allows it by AFDAS or Pole Emploi.<\/p>\t\t\t\t\t\t\t\t<\/div>\n\t\t\t\t<\/div>\n\t\t\t\t<div class=\"elementor-element elementor-element-84646a8 elementor-position-right elementor-vertical-align-top elementor-widget elementor-widget-image-box\" data-id=\"84646a8\" data-element_type=\"widget\" data-e-type=\"widget\" data-widget_type=\"image-box.default\">\n\t\t\t\t<div class=\"elementor-widget-container\">\n\t\t\t\t\t<div class=\"elementor-image-box-wrapper\"><figure class=\"elementor-image-box-img\"><a href=\"https:\/\/www.clapclass.fr\/lacteur-en-action-initiation-aux-cascades-physiques\/\" tabindex=\"-1\"><img fetchpriority=\"high\" decoding=\"async\" width=\"2076\" height=\"1692\" src=\"https:\/\/davidgenty.com\/wp-content\/uploads\/2023\/02\/CLAP-CLASS.png\" class=\"elementor-animation-grow attachment-full size-full wp-image-1332\" alt=\"\" srcset=\"http:\/\/davidgenty.com\/wp-content\/uploads\/2023\/02\/CLAP-CLASS.png 2076w, http:\/\/davidgenty.com\/wp-content\/uploads\/2023\/02\/CLAP-CLASS-300x245.png 300w, http:\/\/davidgenty.com\/wp-content\/uploads\/2023\/02\/CLAP-CLASS-1024x835.png 1024w, http:\/\/davidgenty.com\/wp-content\/uploads\/2023\/02\/CLAP-CLASS-768x626.png 768w, http:\/\/davidgenty.com\/wp-content\/uploads\/2023\/02\/CLAP-CLASS-1536x1252.png 1536w, http:\/\/davidgenty.com\/wp-content\/uploads\/2023\/02\/CLAP-CLASS-2048x1669.png 2048w, http:\/\/davidgenty.com\/wp-content\/uploads\/2023\/02\/CLAP-CLASS-15x12.png 15w\" sizes=\"(max-width: 2076px) 100vw, 2076px\" \/><\/a><\/figure><div class=\"elementor-image-box-content\"><p class=\"elementor-image-box-description\">for all information and registration click on the logo <\/p><\/div><\/div>\t\t\t\t<\/div>\n\t\t\t\t<\/div>\n\t\t\t\t\t<\/div>\n\t\t<\/div>\n\t\t\t\t<div class=\"elementor-column elementor-col-50 elementor-top-column elementor-element elementor-element-852c413\" data-id=\"852c413\" data-element_type=\"column\" data-e-type=\"column\">\n\t\t\t<div class=\"elementor-widget-wrap elementor-element-populated\">\n\t\t\t\t\t\t<div class=\"elementor-element elementor-element-3dad71d1 elementor-widget elementor-widget-heading\" data-id=\"3dad71d1\" data-element_type=\"widget\" data-e-type=\"widget\" data-widget_type=\"heading.default\">\n\t\t\t\t<div class=\"elementor-widget-container\">\n\t\t\t\t\t<h1 class=\"elementor-heading-title elementor-size-default\">PHYSICAL PREPARATION and TECHNIQUE optimize your character...<\/h1>\t\t\t\t<\/div>\n\t\t\t\t<\/div>\n\t\t\t\t<div class=\"elementor-element elementor-element-771c7180 elementor-widget elementor-widget-text-editor\" data-id=\"771c7180\" data-element_type=\"widget\" data-e-type=\"widget\" data-widget_type=\"text-editor.default\">\n\t\t\t\t<div class=\"elementor-widget-container\">\n\t\t\t\t\t\t\t\t\t<p>The physical preparation that is proposed to you, has the objective serve as close as possible to the character that you mus embody it allows you to <strong>develop physical qualities<\/strong>\u00a0and<strong>thus optimise your performance.<\/strong>.\u00a0<br \/>There are 2 main types of physical preparation :<br \/>&#8211;\u00a0<strong>general physical preparation<\/strong>\u00a0it is primarily used for the development and harmonisation of physical qualities, as part of a comprehensive preparatory work.<br \/>&#8211;\u00a0<strong>The specific physical preparation<\/strong>\u00a0is used especialy when a rparticular application such as in a weight gain or a weight loss... This work must allow you to acquire a optimal physical and mental condition, in order to feel completely at ease in your role, and to get as close as possible to your character.<\/p><p><span style=\"font-family: var( --e-global-typography-text-font-family ), Sans-serif;\"><b>Technical preparation for action scenes\u00a0<\/b>:\u00a0<\/span><span style=\"font-family: var( --e-global-typography-text-font-family ), Sans-serif;\">The purpose of this is to prepare your actor to the specific scenes requiring specific techniques, such as\u00a0<\/span><b style=\"font-family: var( --e-global-typography-text-font-family ), Sans-serif;\">tactical movement<\/b><span style=\"font-family: var( --e-global-typography-text-font-family ), Sans-serif;\">\u00a0(column progression, pairs, etc.) parkour (yamakasi)<\/span><\/p><p>The different\u00a0<b>fighting techniques<\/b>\u00a0(fists fighting, ground-work, trows, and submission) adapts to the character, a boxer does not fight like a knight.<\/p><p>The use and handling of\u00a0<b>different weapons<\/b>\u00a0(firearms, knives, etc...).<\/p><p>in order to prevent possible injuries due to certain\u00a0<b>falls<\/b>\u00a0the actor is in need of automatism that can only be acquired through repetitive, and supervised learning, this concerns falls from the simplest to the most dangerous (stairs, small height, projection).<\/p><p>\u00a0the\u00a0<b>gestures<\/b>\u00a0also guarantee the credibility of the role when it concerns an arrest, handcuffing, hostage taking etc.<\/p>\t\t\t\t\t\t\t\t<\/div>\n\t\t\t\t<\/div>\n\t\t\t\t\t<\/div>\n\t\t<\/div>\n\t\t\t\t\t<\/div>\n\t\t<\/section>\n\t\t\t\t<section class=\"elementor-section elementor-top-section elementor-element elementor-element-f00fb2d elementor-section-boxed elementor-section-height-default elementor-section-height-default\" data-id=\"f00fb2d\" data-element_type=\"section\" data-e-type=\"section\">\n\t\t\t\t\t\t<div class=\"elementor-container elementor-column-gap-default\">\n\t\t\t\t\t<div class=\"elementor-column elementor-col-33 elementor-top-column elementor-element elementor-element-406c283\" data-id=\"406c283\" data-element_type=\"column\" data-e-type=\"column\">\n\t\t\t<div class=\"elementor-widget-wrap elementor-element-populated\">\n\t\t\t\t\t\t<div class=\"elementor-element elementor-element-141079f elementor-widget elementor-widget-video\" data-id=\"141079f\" data-element_type=\"widget\" data-e-type=\"widget\" data-settings=\"{&quot;video_type&quot;:&quot;hosted&quot;,&quot;controls&quot;:&quot;yes&quot;}\" data-widget_type=\"video.default\">\n\t\t\t\t<div class=\"elementor-widget-container\">\n\t\t\t\t\t\t\t<div class=\"e-hosted-video elementor-wrapper elementor-open-inline\">\n\t\t\t\t\t<video class=\"elementor-video\" src=\"http:\/\/davidgenty.com\/wp-content\/uploads\/2024\/03\/IMG_4327.mov\" controls=\"\" preload=\"metadata\" controlslist=\"nodownload\"><\/video>\n\t\t\t\t<\/div>\n\t\t\t\t\t\t<\/div>\n\t\t\t\t<\/div>\n\t\t\t\t\t<\/div>\n\t\t<\/div>\n\t\t\t\t<div class=\"elementor-column elementor-col-33 elementor-top-column elementor-element elementor-element-b593a7e\" data-id=\"b593a7e\" data-element_type=\"column\" data-e-type=\"column\">\n\t\t\t<div class=\"elementor-widget-wrap elementor-element-populated\">\n\t\t\t\t\t\t<div class=\"elementor-element elementor-element-05b99d8 elementor-widget elementor-widget-image\" data-id=\"05b99d8\" data-element_type=\"widget\" data-e-type=\"widget\" data-widget_type=\"image.default\">\n\t\t\t\t<div class=\"elementor-widget-container\">\n\t\t\t\t\t\t\t\t\t\t\t\t\t\t\t<img decoding=\"async\" width=\"748\" height=\"547\" src=\"https:\/\/davidgenty.com\/wp-content\/uploads\/2023\/02\/arme-genou-e1710770410337.jpg\" class=\"attachment-large size-large wp-image-1458\" alt=\"\" srcset=\"https:\/\/davidgenty.com\/wp-content\/uploads\/2023\/02\/arme-genou-e1710770410337.jpg 748w, https:\/\/davidgenty.com\/wp-content\/uploads\/2023\/02\/arme-genou-e1710770410337-300x219.jpg 300w, https:\/\/davidgenty.com\/wp-content\/uploads\/2023\/02\/arme-genou-e1710770410337-16x12.jpg 16w\" sizes=\"(max-width: 748px) 100vw, 748px\" \/>\t\t\t\t\t\t\t\t\t\t\t\t\t\t\t<\/div>\n\t\t\t\t<\/div>\n\t\t\t\t\t<\/div>\n\t\t<\/div>\n\t\t\t\t<div class=\"elementor-column elementor-col-33 elementor-top-column elementor-element elementor-element-ebd0f40\" data-id=\"ebd0f40\" data-element_type=\"column\" data-e-type=\"column\">\n\t\t\t<div class=\"elementor-widget-wrap elementor-element-populated\">\n\t\t\t\t\t\t<div class=\"elementor-element elementor-element-2f35cf7 elementor-widget elementor-widget-image\" data-id=\"2f35cf7\" data-element_type=\"widget\" data-e-type=\"widget\" data-widget_type=\"image.default\">\n\t\t\t\t<div class=\"elementor-widget-container\">\n\t\t\t\t\t\t\t\t\t\t\t\t\t\t\t<img decoding=\"async\" width=\"800\" height=\"626\" src=\"https:\/\/davidgenty.com\/wp-content\/uploads\/2023\/02\/direct.jpg\" class=\"attachment-large size-large wp-image-1459\" alt=\"\" srcset=\"https:\/\/davidgenty.com\/wp-content\/uploads\/2023\/02\/direct.jpg 918w, https:\/\/davidgenty.com\/wp-content\/uploads\/2023\/02\/direct-300x235.jpg 300w, https:\/\/davidgenty.com\/wp-content\/uploads\/2023\/02\/direct-768x601.jpg 768w, https:\/\/davidgenty.com\/wp-content\/uploads\/2023\/02\/direct-15x12.jpg 15w\" sizes=\"(max-width: 800px) 100vw, 800px\" \/>\t\t\t\t\t\t\t\t\t\t\t\t\t\t\t<\/div>\n\t\t\t\t<\/div>\n\t\t\t\t\t<\/div>\n\t\t<\/div>\n\t\t\t\t\t<\/div>\n\t\t<\/section>\n\t\t\t\t<section class=\"elementor-section elementor-top-section elementor-element elementor-element-13543c4 elementor-section-boxed elementor-section-height-default elementor-section-height-default\" data-id=\"13543c4\" data-element_type=\"section\" data-e-type=\"section\">\n\t\t\t\t\t\t<div class=\"elementor-container elementor-column-gap-default\">\n\t\t\t\t\t<div class=\"elementor-column elementor-col-100 elementor-top-column elementor-element elementor-element-823796f\" data-id=\"823796f\" data-element_type=\"column\" data-e-type=\"column\">\n\t\t\t<div class=\"elementor-widget-wrap elementor-element-populated\">\n\t\t\t\t\t\t<div class=\"elementor-element elementor-element-bf49306 elementor-widget elementor-widget-spacer\" data-id=\"bf49306\" data-element_type=\"widget\" data-e-type=\"widget\" data-widget_type=\"spacer.default\">\n\t\t\t\t<div class=\"elementor-widget-container\">\n\t\t\t\t\t\t\t<div class=\"elementor-spacer\">\n\t\t\t<div class=\"elementor-spacer-inner\"><\/div>\n\t\t<\/div>\n\t\t\t\t\t\t<\/div>\n\t\t\t\t<\/div>\n\t\t\t\t<div class=\"elementor-element elementor-element-623ed09 elementor-arrows-position-inside elementor-pagination-position-outside elementor-widget elementor-widget-image-carousel\" data-id=\"623ed09\" data-element_type=\"widget\" data-e-type=\"widget\" data-settings=\"{&quot;slides_to_show&quot;:&quot;4&quot;,&quot;navigation&quot;:&quot;both&quot;,&quot;autoplay&quot;:&quot;yes&quot;,&quot;pause_on_hover&quot;:&quot;yes&quot;,&quot;pause_on_interaction&quot;:&quot;yes&quot;,&quot;autoplay_speed&quot;:5000,&quot;infinite&quot;:&quot;yes&quot;,&quot;speed&quot;:500}\" data-widget_type=\"image-carousel.default\">\n\t\t\t\t<div class=\"elementor-widget-container\">\n\t\t\t\t\t\t\t<div class=\"elementor-image-carousel-wrapper swiper\" role=\"region\" aria-roledescription=\"carousel\" aria-label=\"Carrousel d\u2019images\" dir=\"ltr\">\n\t\t\t<div class=\"elementor-image-carousel swiper-wrapper\" aria-live=\"off\">\n\t\t\t\t\t\t\t\t<div class=\"swiper-slide\" role=\"group\" aria-roledescription=\"slide\" aria-label=\"1 sur 7\"><figure class=\"swiper-slide-inner\"><img decoding=\"async\" class=\"swiper-slide-image\" src=\"https:\/\/davidgenty.com\/wp-content\/uploads\/2024\/03\/2formation-AAA2024-scaled.jpg\" alt=\"2formation AAA2024\" \/><\/figure><\/div><div class=\"swiper-slide\" role=\"group\" aria-roledescription=\"slide\" aria-label=\"2 sur 7\"><figure class=\"swiper-slide-inner\"><img decoding=\"async\" class=\"swiper-slide-image\" src=\"https:\/\/davidgenty.com\/wp-content\/uploads\/2024\/03\/IMG_20211216_115819-scaled.jpg\" alt=\"IMG_20211216_115819\" \/><\/figure><\/div><div class=\"swiper-slide\" role=\"group\" aria-roledescription=\"slide\" aria-label=\"3 sur 7\"><figure class=\"swiper-slide-inner\"><img decoding=\"async\" class=\"swiper-slide-image\" src=\"https:\/\/davidgenty.com\/wp-content\/uploads\/2024\/03\/7formation-AAA2024-scaled.jpg\" alt=\"7formation AAA2024\" \/><\/figure><\/div><div class=\"swiper-slide\" role=\"group\" aria-roledescription=\"slide\" aria-label=\"4 sur 7\"><figure class=\"swiper-slide-inner\"><img decoding=\"async\" class=\"swiper-slide-image\" src=\"https:\/\/davidgenty.com\/wp-content\/uploads\/2024\/03\/IMG_4306_Original-scaled-e1710588544355.jpg\" alt=\"IMG_4306_Original\" \/><\/figure><\/div><div class=\"swiper-slide\" role=\"group\" aria-roledescription=\"slide\" aria-label=\"5 sur 7\"><figure class=\"swiper-slide-inner\"><img decoding=\"async\" class=\"swiper-slide-image\" src=\"https:\/\/davidgenty.com\/wp-content\/uploads\/2024\/03\/6formation-AAA2024-scaled.jpg\" alt=\"6formation AAA2024\" \/><\/figure><\/div><div class=\"swiper-slide\" role=\"group\" aria-roledescription=\"slide\" aria-label=\"6 sur 7\"><figure class=\"swiper-slide-inner\"><img decoding=\"async\" class=\"swiper-slide-image\" src=\"https:\/\/davidgenty.com\/wp-content\/uploads\/2024\/03\/IMG_4316_Original-scaled.jpg\" alt=\"IMG_4316_Original\" \/><\/figure><\/div><div class=\"swiper-slide\" role=\"group\" aria-roledescription=\"slide\" aria-label=\"7 sur 7\"><figure class=\"swiper-slide-inner\"><img decoding=\"async\" class=\"swiper-slide-image\" src=\"https:\/\/davidgenty.com\/wp-content\/uploads\/2024\/03\/IMG_4379_Original-scaled-e1710588470297.jpg\" alt=\"IMG_4379_Original\" \/><\/figure><\/div>\t\t\t<\/div>\n\t\t\t\t\t\t\t\t\t\t\t\t<div class=\"elementor-swiper-button elementor-swiper-button-prev\" role=\"button\" tabindex=\"0\">\n\t\t\t\t\t\t<i aria-hidden=\"true\" class=\"eicon-chevron-left\"><\/i>\t\t\t\t\t<\/div>\n\t\t\t\t\t<div class=\"elementor-swiper-button elementor-swiper-button-next\" role=\"button\" tabindex=\"0\">\n\t\t\t\t\t\t<i aria-hidden=\"true\" class=\"eicon-chevron-right\"><\/i>\t\t\t\t\t<\/div>\n\t\t\t\t\n\t\t\t\t\t\t\t\t\t<div class=\"swiper-pagination\"><\/div>\n\t\t\t\t\t\t\t\t\t<\/div>\n\t\t\t\t\t\t<\/div>\n\t\t\t\t<\/div>\n\t\t\t\t\t<\/div>\n\t\t<\/div>\n\t\t\t\t\t<\/div>\n\t\t<\/section>\n\t\t\t\t<\/div>","protected":false},"excerpt":{"rendered":"<p>L\u2019artiste interpr\u00e8te, qu\u2019il soit com\u00e9dien, acteur ou danseur, est amen\u00e9 \u00e0 incarner des r\u00f4les d\u2019actions.\u00a0 Le manque de formation physique et les temps de pr\u00e9parations sur les tournages de plus en plus r\u00e9duits nuisent \u00e0 la cr\u00e9dibilit\u00e9 de ces sc\u00e8nes. AAA pr\u00e9pare et forme les com\u00e9diens en fonction de vos besoins. STAGE AFDAS Initiation \u00e0 [&hellip;]<\/p>","protected":false},"author":1,"featured_media":0,"parent":0,"menu_order":0,"comment_status":"closed","ping_status":"closed","template":"","meta":{"_acf_changed":false,"footnotes":""},"class_list":["post-255","page","type-page","status-publish","hentry"],"acf":[],"yoast_head":"<!-- This site is optimized with the Yoast SEO plugin v20.1 - https:\/\/yoast.com\/wordpress\/plugins\/seo\/ -->\n<title>AAA FORMATION - DAVID GENTY<\/title>\n<meta name=\"robots\" content=\"index, follow, max-snippet:-1, max-image-preview:large, max-video-preview:-1\" \/>\n<link rel=\"canonical\" href=\"http:\/\/davidgenty.com\/en\/aaa-formation\/\" \/>\n<meta property=\"og:locale\" content=\"en_US\" \/>\n<meta property=\"og:type\" content=\"article\" \/>\n<meta property=\"og:title\" content=\"AAA FORMATION - DAVID GENTY\" \/>\n<meta property=\"og:description\" content=\"L\u2019artiste interpr\u00e8te, qu\u2019il soit com\u00e9dien, acteur ou danseur, est amen\u00e9 \u00e0 incarner des r\u00f4les d\u2019actions.\u00a0 Le manque de formation physique et les temps de pr\u00e9parations sur les tournages de plus en plus r\u00e9duits nuisent \u00e0 la cr\u00e9dibilit\u00e9 de ces sc\u00e8nes. AAA pr\u00e9pare et forme les com\u00e9diens en fonction de vos besoins. STAGE AFDAS Initiation \u00e0 [&hellip;]\" \/>\n<meta property=\"og:url\" content=\"http:\/\/davidgenty.com\/en\/aaa-formation\/\" \/>\n<meta property=\"og:site_name\" content=\"DAVID GENTY\" \/>\n<meta property=\"article:modified_time\" content=\"2026-03-19T11:23:17+00:00\" \/>\n<meta property=\"og:image\" content=\"http:\/\/davidgenty.com\/wp-content\/uploads\/2023\/02\/CLAP-CLASS.png\" \/>\n<meta name=\"twitter:card\" content=\"summary_large_image\" \/>\n<meta name=\"twitter:label1\" content=\"Est. reading time\" \/>\n\t<meta name=\"twitter:data1\" content=\"5 minutes\" \/>\n<script type=\"application\/ld+json\" class=\"yoast-schema-graph\">{\"@context\":\"https:\/\/schema.org\",\"@graph\":[{\"@type\":\"WebPage\",\"@id\":\"http:\/\/davidgenty.com\/fr\/aaa-formation\/\",\"url\":\"http:\/\/davidgenty.com\/fr\/aaa-formation\/\",\"name\":\"AAA FORMATION - DAVID GENTY\",\"isPartOf\":{\"@id\":\"http:\/\/davidgenty.com\/fr\/#website\"},\"datePublished\":\"2022-02-20T20:43:49+00:00\",\"dateModified\":\"2026-03-19T11:23:17+00:00\",\"breadcrumb\":{\"@id\":\"http:\/\/davidgenty.com\/fr\/aaa-formation\/#breadcrumb\"},\"inLanguage\":\"en-US\",\"potentialAction\":[{\"@type\":\"ReadAction\",\"target\":[\"http:\/\/davidgenty.com\/fr\/aaa-formation\/\"]}]},{\"@type\":\"BreadcrumbList\",\"@id\":\"http:\/\/davidgenty.com\/fr\/aaa-formation\/#breadcrumb\",\"itemListElement\":[{\"@type\":\"ListItem\",\"position\":1,\"name\":\"Accueil\",\"item\":\"http:\/\/davidgenty.com\/fr\/\"},{\"@type\":\"ListItem\",\"position\":2,\"name\":\"AAA FORMATION\"}]},{\"@type\":\"WebSite\",\"@id\":\"http:\/\/davidgenty.com\/fr\/#website\",\"url\":\"http:\/\/davidgenty.com\/fr\/\",\"name\":\"DAVID GENTY\",\"description\":\"- COORDINATEUR de CASCADES -\",\"publisher\":{\"@id\":\"http:\/\/davidgenty.com\/fr\/#organization\"},\"alternateName\":\"aerial-art-action\",\"potentialAction\":[{\"@type\":\"SearchAction\",\"target\":{\"@type\":\"EntryPoint\",\"urlTemplate\":\"http:\/\/davidgenty.com\/fr\/?s={search_term_string}\"},\"query-input\":\"required name=search_term_string\"}],\"inLanguage\":\"en-US\"},{\"@type\":\"Organization\",\"@id\":\"http:\/\/davidgenty.com\/fr\/#organization\",\"name\":\"DAVID GENTY\",\"url\":\"http:\/\/davidgenty.com\/fr\/\",\"logo\":{\"@type\":\"ImageObject\",\"inLanguage\":\"en-US\",\"@id\":\"http:\/\/davidgenty.com\/fr\/#\/schema\/logo\/image\/\",\"url\":\"http:\/\/davidgenty.com\/wp-content\/uploads\/2025\/02\/cropped-cropped-Unknown.png\",\"contentUrl\":\"http:\/\/davidgenty.com\/wp-content\/uploads\/2025\/02\/cropped-cropped-Unknown.png\",\"width\":2151,\"height\":2151,\"caption\":\"DAVID GENTY\"},\"image\":{\"@id\":\"http:\/\/davidgenty.com\/fr\/#\/schema\/logo\/image\/\"},\"sameAs\":[\"https:\/\/www.instagram.com\/david_genty_tripleaaa\/\"]}]}<\/script>\n<!-- \/ Yoast SEO plugin. -->","yoast_head_json":{"title":"AAA FORMATION - DAVID GENTY","robots":{"index":"index","follow":"follow","max-snippet":"max-snippet:-1","max-image-preview":"max-image-preview:large","max-video-preview":"max-video-preview:-1"},"canonical":"http:\/\/davidgenty.com\/en\/aaa-formation\/","og_locale":"en_US","og_type":"article","og_title":"AAA FORMATION - DAVID GENTY","og_description":"L\u2019artiste interpr\u00e8te, qu\u2019il soit com\u00e9dien, acteur ou danseur, est amen\u00e9 \u00e0 incarner des r\u00f4les d\u2019actions.\u00a0 Le manque de formation physique et les temps de pr\u00e9parations sur les tournages de plus en plus r\u00e9duits nuisent \u00e0 la cr\u00e9dibilit\u00e9 de ces sc\u00e8nes. AAA pr\u00e9pare et forme les com\u00e9diens en fonction de vos besoins. STAGE AFDAS Initiation \u00e0 [&hellip;]","og_url":"http:\/\/davidgenty.com\/en\/aaa-formation\/","og_site_name":"DAVID GENTY","article_modified_time":"2026-03-19T11:23:17+00:00","og_image":[{"url":"http:\/\/davidgenty.com\/wp-content\/uploads\/2023\/02\/CLAP-CLASS.png"}],"twitter_card":"summary_large_image","twitter_misc":{"Est. reading time":"5 minutes"},"schema":{"@context":"https:\/\/schema.org","@graph":[{"@type":"WebPage","@id":"http:\/\/davidgenty.com\/fr\/aaa-formation\/","url":"http:\/\/davidgenty.com\/fr\/aaa-formation\/","name":"AAA FORMATION - DAVID GENTY","isPartOf":{"@id":"http:\/\/davidgenty.com\/fr\/#website"},"datePublished":"2022-02-20T20:43:49+00:00","dateModified":"2026-03-19T11:23:17+00:00","breadcrumb":{"@id":"http:\/\/davidgenty.com\/fr\/aaa-formation\/#breadcrumb"},"inLanguage":"en-US","potentialAction":[{"@type":"ReadAction","target":["http:\/\/davidgenty.com\/fr\/aaa-formation\/"]}]},{"@type":"BreadcrumbList","@id":"http:\/\/davidgenty.com\/fr\/aaa-formation\/#breadcrumb","itemListElement":[{"@type":"ListItem","position":1,"name":"Accueil","item":"http:\/\/davidgenty.com\/fr\/"},{"@type":"ListItem","position":2,"name":"AAA FORMATION"}]},{"@type":"WebSite","@id":"http:\/\/davidgenty.com\/fr\/#website","url":"http:\/\/davidgenty.com\/fr\/","name":"DAVID GENTY","description":"- COORDINATEUR de CASCADES -","publisher":{"@id":"http:\/\/davidgenty.com\/fr\/#organization"},"alternateName":"aerial-art-action","potentialAction":[{"@type":"SearchAction","target":{"@type":"EntryPoint","urlTemplate":"http:\/\/davidgenty.com\/fr\/?s={search_term_string}"},"query-input":"required name=search_term_string"}],"inLanguage":"en-US"},{"@type":"Organization","@id":"http:\/\/davidgenty.com\/fr\/#organization","name":"DAVID GENTY","url":"http:\/\/davidgenty.com\/fr\/","logo":{"@type":"ImageObject","inLanguage":"en-US","@id":"http:\/\/davidgenty.com\/fr\/#\/schema\/logo\/image\/","url":"http:\/\/davidgenty.com\/wp-content\/uploads\/2025\/02\/cropped-cropped-Unknown.png","contentUrl":"http:\/\/davidgenty.com\/wp-content\/uploads\/2025\/02\/cropped-cropped-Unknown.png","width":2151,"height":2151,"caption":"DAVID GENTY"},"image":{"@id":"http:\/\/davidgenty.com\/fr\/#\/schema\/logo\/image\/"},"sameAs":["https:\/\/www.instagram.com\/david_genty_tripleaaa\/"]}]}},"_links":{"self":[{"href":"http:\/\/davidgenty.com\/en\/wp-json\/wp\/v2\/pages\/255","targetHints":{"allow":["GET"]}}],"collection":[{"href":"http:\/\/davidgenty.com\/en\/wp-json\/wp\/v2\/pages"}],"about":[{"href":"http:\/\/davidgenty.com\/en\/wp-json\/wp\/v2\/types\/page"}],"author":[{"embeddable":true,"href":"http:\/\/davidgenty.com\/en\/wp-json\/wp\/v2\/users\/1"}],"replies":[{"embeddable":true,"href":"http:\/\/davidgenty.com\/en\/wp-json\/wp\/v2\/comments?post=255"}],"version-history":[{"count":43,"href":"http:\/\/davidgenty.com\/en\/wp-json\/wp\/v2\/pages\/255\/revisions"}],"predecessor-version":[{"id":1864,"href":"http:\/\/davidgenty.com\/en\/wp-json\/wp\/v2\/pages\/255\/revisions\/1864"}],"wp:attachment":[{"href":"http:\/\/davidgenty.com\/en\/wp-json\/wp\/v2\/media?parent=255"}],"curies":[{"name":"wp","href":"https:\/\/api.w.org\/{rel}","templated":true}]}}